{"id":1680,"date":"2022-02-22T16:04:53","date_gmt":"2022-02-22T13:04:53","guid":{"rendered":"https:\/\/techmbg.com\/?page_id=1680"},"modified":"2022-06-16T14:40:04","modified_gmt":"2022-06-16T11:40:04","slug":"politica-cookie","status":"publish","type":"page","link":"https:\/\/techmbg.com\/en\/politica-cookie","title":{"rendered":"COOKIE POLICY"},"content":{"rendered":"<p>[et_pb_section fb_built=&#8221;1&#8243; admin_label=&#8221;section&#8221; _builder_version=&#8221;4.16&#8243; global_colors_info=&#8221;{}&#8221;][et_pb_row admin_label=&#8221;row&#8221; _builder_version=&#8221;4.16&#8243; background_size=&#8221;initial&#8221; background_position=&#8221;top_left&#8221; background_repeat=&#8221;repeat&#8221; global_colors_info=&#8221;{}&#8221;][et_pb_column type=&#8221;4_4&#8243; _builder_version=&#8221;4.16&#8243; custom_padding=&#8221;|||&#8221; global_colors_info=&#8221;{}&#8221; custom_padding__hover=&#8221;|||&#8221;][et_pb_text admin_label=&#8221;Text&#8221; _builder_version=&#8221;4.17.4&#8243; background_size=&#8221;initial&#8221; background_position=&#8221;top_left&#8221; background_repeat=&#8221;repeat&#8221; hover_enabled=&#8221;0&#8243; global_colors_info=&#8221;{}&#8221; sticky_enabled=&#8221;0&#8243;]<\/p>\n<div class=\"cli_pg_page_contaner\">\n<h3 style=\"text-align: justify;\">Despre politica privind cookie-urile<\/h3>\n<div style=\"text-align: justify;\">Aceast\u0103 Politic\u0103 privind cookie-urile explic\u0103 ce sunt cookie-urile \u0219i cum le folosim, tipurile de cookie-uri pe care le folosim, adic\u0103 informa\u021biile pe care le colect\u0103m folosind cookie-uri \u0219i cum sunt utilizate acele informa\u021bii \u0219i cum s\u0103 control\u0103m preferin\u021bele cookie-urilor.<\/div>\n<div style=\"text-align: justify;\">Pentru informa\u021bii suplimentare despre modul \u00een care folosim, stoc\u0103m \u0219i p\u0103str\u0103m datele dumneavoastr\u0103 personale \u00een siguran\u021b\u0103, consulta\u021bi Politica noastr\u0103 de confiden\u021bialitate.<\/div>\n<\/div>\n<div class=\"cli_pg_page_contaner\">\n<div style=\"text-align: justify;\">\n<p>Pute\u021bi oric\u00e2nd s\u0103 v\u0103 modifica\u021bi sau s\u0103 v\u0103 retrage\u021bi consim\u021b\u0103m\u00e2ntul din Declara\u021bia privind cookie-urile de pe site-ul nostru<br \/>Afla\u021bi mai multe despre cine suntem, cum ne pute\u021bi contacta \u0219i cum proces\u0103m datele personale \u00een Politica noastr\u0103 de confiden\u021bialitate.<br \/>Consim\u021b\u0103m\u00e2ntul dumneavoastr\u0103 se aplic\u0103 urm\u0103toarelor domenii sau subdomenii: techmbg.com<br \/><div class=\"cli_user_consent_state\">Your current state: No consent given. <a class=\"cli_manage_current_consent\" style=\"cursor:pointer;text-decoration:underline;\">Manage your consent.<\/a> <\/div><\/p>\n<\/div>\n<h3 style=\"text-align: justify;\">Ce sunt cookie-urile?<\/h3>\n<div style=\"text-align: justify;\">\n<div class=\"dePhmb\" aria-live=\"polite\">\n<div class=\"eyKpYb\" data-language=\"ro\" data-original-language=\"en\" data-result-index=\"0\">\n<div class=\"J0lOec\"><span class=\"VIiyi\" lang=\"ro\"><span class=\"JLqJ4b ChMk0b\" data-language-for-alternatives=\"ro\" data-language-to-translate-into=\"en\" data-phrase-index=\"0\" data-number-of-phrases=\"3\">Cookie-urile sunt fi\u0219iere text mici care sunt folosite pentru a stoca mici informa\u021bii.<\/span> <span class=\"JLqJ4b ChMk0b\" data-language-for-alternatives=\"ro\" data-language-to-translate-into=\"en\" data-phrase-index=\"1\" data-number-of-phrases=\"3\">Acestea sunt stocate pe dispozitivul dvs. atunci c\u00e2nd site-ul web este \u00eenc\u0103rcat \u00een browser.<\/span> <span class=\"JLqJ4b ChMk0b\" data-language-for-alternatives=\"ro\" data-language-to-translate-into=\"en\" data-phrase-index=\"2\" data-number-of-phrases=\"3\">Aceste cookie-uri ne ajut\u0103 s\u0103 facem site-ul s\u0103 func\u021bioneze corect, s\u0103 \u00eel facem mai sigur, s\u0103 oferim o experien\u021b\u0103 mai bun\u0103 pentru utilizator \u0219i s\u0103 \u00een\u021belegem cum func\u021bioneaz\u0103 site-ul web \u0219i s\u0103 analiz\u0103m ce func\u021bioneaz\u0103 \u0219i unde trebuie \u00eembun\u0103t\u0103\u021bit.<\/span><\/span><\/div>\n<\/div>\n<\/div>\n<\/div>\n<h3 style=\"text-align: justify;\">Cum folosim cookie-urile?<\/h3>\n<div style=\"text-align: justify;\">Ca majoritatea serviciilor online, site-ul nostru web folose\u0219te cookie-uri de la prima parte \u0219i de la ter\u021bi \u00een mai multe scopuri. Cookie-urile de la prima parte sunt \u00een cea mai mare parte necesare pentru ca site-ul web s\u0103 func\u021bioneze corect \u0219i nu colecteaz\u0103 niciuna dintre datele dumneavoastr\u0103 de identificare personal\u0103.<br \/>Cookie-urile ter\u021b\u0103 parte utilizate pe site-ul nostru web sunt \u00een principal pentru a \u00een\u021belege cum func\u021bioneaz\u0103 site-ul web, cum interac\u021biona\u021bi cu site-ul nostru web, men\u021binerea serviciilor noastre \u00een siguran\u021b\u0103, furnizarea de reclame care sunt relevante pentru dvs. \u0219i, \u00een general, oferindu-v\u0103 un utilizator mai bun \u0219i \u00eembun\u0103t\u0103\u021bit. experien\u021b\u0103 \u0219i v\u0103 ajut\u0103 s\u0103 v\u0103 accelera\u021bi viitoarele interac\u021biuni cu site-ul nostru.<\/div>\n<h3 style=\"text-align: justify;\">Ce tipuri de cookie-uri folosim?<\/h3>\n<div style=\"text-align: justify;\">\n<p><strong>Esen\u021bial<\/strong>: Unele cookie-uri sunt esen\u021biale pentru ca dvs. s\u0103 pute\u021bi experimenta func\u021bionalitatea complet\u0103 a site-ului nostru. Ele ne permit s\u0103 men\u021binem sesiunile utilizatorilor \u0219i s\u0103 prevenim orice amenin\u021b\u0103ri de securitate. Ei nu colecteaz\u0103 \u0219i nu stocheaz\u0103 informa\u021bii personale. De exemplu, aceste module cookie v\u0103 permit s\u0103 v\u0103 conecta\u021bi la contul dvs. \u0219i s\u0103 ad\u0103uga\u021bi produse \u00een co\u0219ul dvs. \u0219i s\u0103 efectua\u021bi achizi\u021bia \u00een siguran\u021b\u0103.<br \/><strong>Statistici<\/strong>: Aceste cookie-uri stocheaz\u0103 informa\u021bii precum num\u0103rul de vizitatori ai site-ului web, num\u0103rul de vizitatori unici, ce pagini ale site-ului au fost vizitate, sursa vizitei etc. Aceste date ne ajut\u0103 s\u0103 \u00een\u021belegem \u0219i s\u0103 analiz\u0103m c\u00e2t de bine func\u021bioneaz\u0103 site-ul web. \u0219i unde are nevoie de \u00eembun\u0103t\u0103\u021bire.<\/p>\n<p><strong>Marketing<\/strong>: site-ul nostru web afi\u0219eaz\u0103 reclame. Aceste cookie-uri sunt folosite pentru a personaliza reclamele pe care vi le ar\u0103t\u0103m, astfel \u00eenc\u00e2t acestea s\u0103 fie semnificative pentru dvs. Aceste module cookie ne ajut\u0103, de asemenea, s\u0103 urm\u0103rim eficien\u021ba acestor campanii publicitare.<br \/>Informa\u021biile stocate \u00een aceste cookie-uri pot fi folosite \u0219i de c\u0103tre furnizorii ter\u021bi de anun\u021buri pentru a v\u0103 afi\u0219a reclame \u0219i pe alte site-uri web din browser.<\/p>\n<p><strong>Func\u021bionale<\/strong>: Acestea sunt cookie-urile care ajut\u0103 la anumite func\u021bionalit\u0103\u021bi neesen\u021biale de pe site-ul nostru. Aceste func\u021bionalit\u0103\u021bi includ \u00eencorporarea de con\u021binut precum videoclipuri sau partajarea con\u021binutului site-ului web pe platformele de re\u021bele sociale.<\/p>\n<p><strong>Preferin\u021be:<\/strong> Aceste cookie-uri ne ajut\u0103 s\u0103 v\u0103 stoc\u0103m set\u0103rile \u0219i preferin\u021bele de navigare, cum ar fi preferin\u021bele de limb\u0103, astfel \u00eenc\u00e2t s\u0103 ave\u021bi o experien\u021b\u0103 mai bun\u0103 \u0219i eficient\u0103 \u00een vizitele viitoare pe site.<br \/><p>Lista de mai jos detaliaz\u0103 cookie-urile utilizate pe site-ul nostru.<\/p><table class=\"cookielawinfo-row-cat-table cookielawinfo-classic\"><thead><tr><th class=\"cookielawinfo-column-1\">Cookie<\/th><th class=\"cookielawinfo-column-4\">Description<\/th><\/tr><\/thead><tbody><tr class=\"cookielawinfo-row\"><td class=\"cookielawinfo-column-1\">cookielawinfo-checkbox-analytics<\/td><td class=\"cookielawinfo-column-4\">Acest cookie este setat de pluginul GDPR Cookie Consent. Cookie-ul este folosit pentru a stoca consim\u021b\u0103m\u00e2ntul utilizatorului pentru cookie-urile din categoria \u201eAnalitice\u201d.<\/td><\/tr><tr class=\"cookielawinfo-row\"><td class=\"cookielawinfo-column-1\">cookielawinfo-checkbox-functional<\/td><td class=\"cookielawinfo-column-4\">Cookie-ul este setat de consim\u021b\u0103m\u00e2ntul cookie GDPR pentru a \u00eenregistra consim\u021b\u0103m\u00e2ntul utilizatorului pentru cookie-urile din categoria \u201eFunc\u021bionale\u201d.<\/td><\/tr><tr class=\"cookielawinfo-row\"><td class=\"cookielawinfo-column-1\">cookielawinfo-checkbox-necessary<\/td><td class=\"cookielawinfo-column-4\">Acest cookie este setat de pluginul GDPR Cookie Consent. Cookie-urile sunt folosite pentru a stoca consim\u021b\u0103m\u00e2ntul utilizatorului pentru cookie-urile din categoria \u201eNecesare\u201d.<\/td><\/tr><tr class=\"cookielawinfo-row\"><td class=\"cookielawinfo-column-1\">cookielawinfo-checkbox-others<\/td><td class=\"cookielawinfo-column-4\">Acest cookie este setat de pluginul GDPR Cookie Consent. Cookie-ul este folosit pentru a stoca consim\u021b\u0103m\u00e2ntul utilizatorului pentru cookie-urile din categoria \u201eAltele.<\/td><\/tr><tr class=\"cookielawinfo-row\"><td class=\"cookielawinfo-column-1\">cookielawinfo-checkbox-performance<\/td><td class=\"cookielawinfo-column-4\">Acest cookie este setat de pluginul GDPR Cookie Consent. Cookie-ul este folosit pentru a stoca consim\u021b\u0103m\u00e2ntul utilizatorului pentru cookie-urile din categoria \u201ePerforman\u021b\u0103\u201d.<\/td><\/tr><tr class=\"cookielawinfo-row\"><td class=\"cookielawinfo-column-1\">viewed_cookie_policy<\/td><td class=\"cookielawinfo-column-4\">Cookie-ul este setat de pluginul GDPR Cookie Consent \u0219i este folosit pentru a stoca dac\u0103 utilizatorul \u0219i-a dat sau nu consim\u021b\u0103m\u00e2ntul pentru utilizarea cookie-urilor. Nu stocheaz\u0103 date personale.<\/td><\/tr><\/tbody><\/table><\/p>\n<\/div>\n<h3 style=\"text-align: justify;\">Cum pot controla preferin\u021bele cookie?<\/h3>\n<div style=\"text-align: justify;\">Dac\u0103 decide\u021bi s\u0103 v\u0103 schimba\u021bi preferin\u021bele mai t\u00e2rziu prin sesiunea de navigare, pute\u021bi face clic pe fila \u201ePolitica de confiden\u021bialitate \u0219i cookie\u201d de pe ecran. Aceasta va afi\u0219a din nou notificarea de consim\u021b\u0103m\u00e2nt, permi\u021b\u00e2ndu-v\u0103 s\u0103 v\u0103 schimba\u021bi preferin\u021bele sau s\u0103 v\u0103 retrage\u021bi complet consim\u021b\u0103m\u00e2ntul.<br \/>\u00cen plus, diferite browsere ofer\u0103 diferite metode de blocare \u0219i \u0219tergere a cookie-urilor utilizate de site-uri web. Pute\u021bi modifica set\u0103rile browserului dumneavoastr\u0103 pentru a bloca\/\u0219terge cookie-urile. Pentru a afla mai multe despre cum s\u0103 gestiona\u021bi \u0219i s\u0103 \u0219terge\u021bi cookie-urile, vizita\u021bi wikipedia.org, www.allaboutcookies.org.<\/div>\n<\/div>\n<p>[\/et_pb_text][\/et_pb_column][\/et_pb_row][\/et_pb_section]<\/p>\n","protected":false},"excerpt":{"rendered":"<p>Despre politica privind cookie-urile Aceast\u0103 Politic\u0103 privind cookie-urile explic\u0103 ce sunt cookie-urile \u0219i cum le folosim, tipurile de cookie-uri pe care le folosim, adic\u0103 informa\u021biile pe care le colect\u0103m folosind cookie-uri \u0219i cum sunt utilizate acele informa\u021bii \u0219i cum s\u0103 control\u0103m preferin\u021bele cookie-urilor. Pentru informa\u021bii suplimentare despre modul \u00een care folosim, stoc\u0103m \u0219i p\u0103str\u0103m datele [&hellip;]<\/p>\n","protected":false},"author":1,"featured_media":0,"parent":0,"menu_order":0,"comment_status":"closed","ping_status":"closed","template":"","meta":{"_et_pb_use_builder":"on","_et_pb_old_content":"<div class=\"cli_pg_page_contaner\">\n<h3>Despre politica privind cookie-urile<\/h3>\n<div>Aceast\u0103 Politic\u0103 privind cookie-urile explic\u0103 ce sunt cookie-urile \u0219i cum le folosim, tipurile de cookie-uri pe care le folosim, adic\u0103 informa\u021biile pe care le colect\u0103m folosind cookie-uri \u0219i cum sunt utilizate acele informa\u021bii \u0219i cum s\u0103 control\u0103m preferin\u021bele cookie-urilor.<\/div>\n<div>Pentru informa\u021bii suplimentare despre modul \u00een care folosim, stoc\u0103m \u0219i p\u0103str\u0103m datele dumneavoastr\u0103 personale \u00een siguran\u021b\u0103, consulta\u021bi Politica noastr\u0103 de confiden\u021bialitate.<\/div>\n<\/div>\n<div class=\"cli_pg_page_contaner\">\n<div>\n\nPute\u021bi oric\u00e2nd s\u0103 v\u0103 modifica\u021bi sau s\u0103 v\u0103 retrage\u021bi consim\u021b\u0103m\u00e2ntul din Declara\u021bia privind cookie-urile de pe site-ul nostru\nAfla\u021bi mai multe despre cine suntem, cum ne pute\u021bi contacta \u0219i cum proces\u0103m datele personale \u00een Politica noastr\u0103 de confiden\u021bialitate.\nConsim\u021b\u0103m\u00e2ntul dumneavoastr\u0103 se aplic\u0103 urm\u0103toarelor domenii sau subdomenii: techmbg.com\n[user_consent_state]\n\n<\/div>\n<h3>Ce sunt cookie-urile?<\/h3>\n<div>\n<div class=\"dePhmb\" aria-live=\"polite\">\n<div class=\"eyKpYb\" data-language=\"ro\" data-original-language=\"en\" data-result-index=\"0\">\n<div class=\"J0lOec\"><span class=\"VIiyi\" lang=\"ro\"><span class=\"JLqJ4b ChMk0b\" data-language-for-alternatives=\"ro\" data-language-to-translate-into=\"en\" data-phrase-index=\"0\" data-number-of-phrases=\"3\">Cookie-urile sunt fi\u0219iere text mici care sunt folosite pentru a stoca mici informa\u021bii.<\/span> <span class=\"JLqJ4b ChMk0b\" data-language-for-alternatives=\"ro\" data-language-to-translate-into=\"en\" data-phrase-index=\"1\" data-number-of-phrases=\"3\">Acestea sunt stocate pe dispozitivul dvs. atunci c\u00e2nd site-ul web este \u00eenc\u0103rcat \u00een browser.<\/span> <span class=\"JLqJ4b ChMk0b\" data-language-for-alternatives=\"ro\" data-language-to-translate-into=\"en\" data-phrase-index=\"2\" data-number-of-phrases=\"3\">Aceste cookie-uri ne ajut\u0103 s\u0103 facem site-ul s\u0103 func\u021bioneze corect, s\u0103 \u00eel facem mai sigur, s\u0103 oferim o experien\u021b\u0103 mai bun\u0103 pentru utilizator \u0219i s\u0103 \u00een\u021belegem cum func\u021bioneaz\u0103 site-ul web \u0219i s\u0103 analiz\u0103m ce func\u021bioneaz\u0103 \u0219i unde trebuie \u00eembun\u0103t\u0103\u021bit.<\/span><\/span><\/div>\n<\/div>\n<\/div>\n<\/div>\n<h3>Cum folosim cookie-urile?<\/h3>\n<div>Ca majoritatea serviciilor online, site-ul nostru web folose\u0219te cookie-uri de la prima parte \u0219i de la ter\u021bi \u00een mai multe scopuri. Cookie-urile de la prima parte sunt \u00een cea mai mare parte necesare pentru ca site-ul web s\u0103 func\u021bioneze corect \u0219i nu colecteaz\u0103 niciuna dintre datele dumneavoastr\u0103 de identificare personal\u0103.\nCookie-urile ter\u021b\u0103 parte utilizate pe site-ul nostru web sunt \u00een principal pentru a \u00een\u021belege cum func\u021bioneaz\u0103 site-ul web, cum interac\u021biona\u021bi cu site-ul nostru web, men\u021binerea serviciilor noastre \u00een siguran\u021b\u0103, furnizarea de reclame care sunt relevante pentru dvs. \u0219i, \u00een general, oferindu-v\u0103 un utilizator mai bun \u0219i \u00eembun\u0103t\u0103\u021bit. experien\u021b\u0103 \u0219i v\u0103 ajut\u0103 s\u0103 v\u0103 accelera\u021bi viitoarele interac\u021biuni cu site-ul nostru.\n\n<\/div>\n<h3>Ce tipuri de cookie-uri folosim?<\/h3>\n<div><strong>Esen\u021bial<\/strong>: Unele cookie-uri sunt esen\u021biale pentru ca dvs. s\u0103 pute\u021bi experimenta func\u021bionalitatea complet\u0103 a site-ului nostru. Ele ne permit s\u0103 men\u021binem sesiunile utilizatorilor \u0219i s\u0103 prevenim orice amenin\u021b\u0103ri de securitate. Ei nu colecteaz\u0103 \u0219i nu stocheaz\u0103 informa\u021bii personale. De exemplu, aceste module cookie v\u0103 permit s\u0103 v\u0103 conecta\u021bi la contul dvs. \u0219i s\u0103 ad\u0103uga\u021bi produse \u00een co\u0219ul dvs. \u0219i s\u0103 efectua\u021bi achizi\u021bia \u00een siguran\u021b\u0103.\n<strong>Statistici<\/strong>: Aceste cookie-uri stocheaz\u0103 informa\u021bii precum num\u0103rul de vizitatori ai site-ului web, num\u0103rul de vizitatori unici, ce pagini ale site-ului au fost vizitate, sursa vizitei etc. Aceste date ne ajut\u0103 s\u0103 \u00een\u021belegem \u0219i s\u0103 analiz\u0103m c\u00e2t de bine func\u021bioneaz\u0103 site-ul web. \u0219i unde are nevoie de \u00eembun\u0103t\u0103\u021bire.\n\n<strong>Marketing<\/strong>: site-ul nostru web afi\u0219eaz\u0103 reclame. Aceste cookie-uri sunt folosite pentru a personaliza reclamele pe care vi le ar\u0103t\u0103m, astfel \u00eenc\u00e2t acestea s\u0103 fie semnificative pentru dvs. Aceste module cookie ne ajut\u0103, de asemenea, s\u0103 urm\u0103rim eficien\u021ba acestor campanii publicitare.\nInforma\u021biile stocate \u00een aceste cookie-uri pot fi folosite \u0219i de c\u0103tre furnizorii ter\u021bi de anun\u021buri pentru a v\u0103 afi\u0219a reclame \u0219i pe alte site-uri web din browser.\n\n<strong>Func\u021bionale<\/strong>: Acestea sunt cookie-urile care ajut\u0103 la anumite func\u021bionalit\u0103\u021bi neesen\u021biale de pe site-ul nostru. Aceste func\u021bionalit\u0103\u021bi includ \u00eencorporarea de con\u021binut precum videoclipuri sau partajarea con\u021binutului site-ului web pe platformele de re\u021bele sociale.\n\n<strong>Preferin\u021be:<\/strong> Aceste cookie-uri ne ajut\u0103 s\u0103 v\u0103 stoc\u0103m set\u0103rile \u0219i preferin\u021bele de navigare, cum ar fi preferin\u021bele de limb\u0103, astfel \u00eenc\u00e2t s\u0103 ave\u021bi o experien\u021b\u0103 mai bun\u0103 \u0219i eficient\u0103 \u00een vizitele viitoare pe site.\n[cookie_audit columns=\"cookie,description\" heading=\"Lista de mai jos detaliaz\u0103 cookie-urile utilizate pe site-ul nostru.\"]\n\n<\/div>\n<h3>Cum pot controla preferin\u021bele cookie?<\/h3>\n<div>Dac\u0103 decide\u021bi s\u0103 v\u0103 schimba\u021bi preferin\u021bele mai t\u00e2rziu prin sesiunea de navigare, pute\u021bi face clic pe fila \u201ePolitica de confiden\u021bialitate \u0219i cookie\u201d de pe ecran. Aceasta va afi\u0219a din nou notificarea de consim\u021b\u0103m\u00e2nt, permi\u021b\u00e2ndu-v\u0103 s\u0103 v\u0103 schimba\u021bi preferin\u021bele sau s\u0103 v\u0103 retrage\u021bi complet consim\u021b\u0103m\u00e2ntul.\n\u00cen plus, diferite browsere ofer\u0103 diferite metode de blocare \u0219i \u0219tergere a cookie-urilor utilizate de site-uri web. Pute\u021bi modifica set\u0103rile browserului dumneavoastr\u0103 pentru a bloca\/\u0219terge cookie-urile. Pentru a afla mai multe despre cum s\u0103 gestiona\u021bi \u0219i s\u0103 \u0219terge\u021bi cookie-urile, vizita\u021bi wikipedia.org, www.allaboutcookies.org.\n\n<\/div>\n<\/div>","_et_gb_content_width":"793","footnotes":""},"class_list":["post-1680","page","type-page","status-publish","hentry"],"_links":{"self":[{"href":"https:\/\/techmbg.com\/en\/wp-json\/wp\/v2\/pages\/1680","targetHints":{"allow":["GET"]}}],"collection":[{"href":"https:\/\/techmbg.com\/en\/wp-json\/wp\/v2\/pages"}],"about":[{"href":"https:\/\/techmbg.com\/en\/wp-json\/wp\/v2\/types\/page"}],"author":[{"embeddable":true,"href":"https:\/\/techmbg.com\/en\/wp-json\/wp\/v2\/users\/1"}],"replies":[{"embeddable":true,"href":"https:\/\/techmbg.com\/en\/wp-json\/wp\/v2\/comments?post=1680"}],"version-history":[{"count":24,"href":"https:\/\/techmbg.com\/en\/wp-json\/wp\/v2\/pages\/1680\/revisions"}],"predecessor-version":[{"id":3086,"href":"https:\/\/techmbg.com\/en\/wp-json\/wp\/v2\/pages\/1680\/revisions\/3086"}],"wp:attachment":[{"href":"https:\/\/techmbg.com\/en\/wp-json\/wp\/v2\/media?parent=1680"}],"curies":[{"name":"wp","href":"https:\/\/api.w.org\/{rel}","templated":true}]}}