{"id":1104,"date":"2022-01-31T17:57:23","date_gmt":"2022-01-31T14:57:23","guid":{"rendered":"https:\/\/techmbg.com\/?page_id=1104"},"modified":"2023-01-25T22:58:20","modified_gmt":"2023-01-25T19:58:20","slug":"comunicate-media","status":"publish","type":"page","link":"https:\/\/techmbg.com\/en\/comunicate-media","title":{"rendered":"MEDIA PRESS RELEASES"},"content":{"rendered":"<p>[et_pb_section fb_built=&#8221;1&#8243; custom_padding_last_edited=&#8221;on|phone&#8221; admin_label=&#8221;Header&#8221; _builder_version=&#8221;4.17.4&#8243; use_background_color_gradient=&#8221;on&#8221; background_color_gradient_type=&#8221;circular&#8221; background_color_gradient_direction_radial=&#8221;top left&#8221; background_color_gradient_stops=&#8221;rgba(255,255,255,0.89) 5%|rgba(0,65,109,0.22) 45%&#8221; background_color_gradient_start=&#8221;rgba(255,255,255,0.89)&#8221; background_color_gradient_start_position=&#8221;5%&#8221; background_color_gradient_end=&#8221;rgba(0,65,109,0.22)&#8221; background_color_gradient_end_position=&#8221;45%&#8221; background_image=&#8221;https:\/\/techmbg.com\/wp-content\/uploads\/2022\/01\/services-MBs.jpg&#8221; parallax=&#8221;on&#8221; parallax_method=&#8221;off&#8221; background_enable_video_mp4=&#8221;off&#8221; background_video_width=&#8221;1200&#8243; background_video_height=&#8221;100&#8243; allow_player_pause=&#8221;on&#8221; background_video_pause_outside_viewport=&#8221;off&#8221; custom_margin=&#8221;||0px||false|false&#8221; custom_margin_tablet=&#8221;||0px||false|false&#8221; custom_margin_phone=&#8221;||0px||false|false&#8221; custom_margin_last_edited=&#8221;on|phone&#8221; custom_padding=&#8221;7vw|0px|0|0px|false|false&#8221; custom_padding_tablet=&#8221;7vw|0px|0|0px|false|false&#8221; custom_padding_phone=&#8221;22vw|0px|0|0px|false|false&#8221; global_colors_info=&#8221;{}&#8221;][et_pb_row use_custom_gutter=&#8221;on&#8221; _builder_version=&#8221;4.16&#8243; global_colors_info=&#8221;{}&#8221;][et_pb_column type=&#8221;4_4&#8243; _builder_version=&#8221;4.16&#8243; custom_padding=&#8221;|||&#8221; global_colors_info=&#8221;{}&#8221; custom_padding__hover=&#8221;|||&#8221;][et_pb_text _builder_version=&#8221;4.17.4&#8243; text_font=&#8221;||||||||&#8221; header_font=&#8221;Raleway|700|||||||&#8221; header_text_align=&#8221;left&#8221; header_font_size=&#8221;80px&#8221; header_line_height=&#8221;1.2em&#8221; header_5_font=&#8221;Raleway|700||on|||||&#8221; header_5_text_color=&#8221;#000000&#8243; header_5_font_size=&#8221;20px&#8221; header_5_letter_spacing=&#8221;0.5em&#8221; header_5_line_height=&#8221;1.8em&#8221; header_font_size_tablet=&#8221;48px&#8221; header_font_size_phone=&#8221;28px&#8221; header_font_size_last_edited=&#8221;on|phone&#8221; header_5_font_size_tablet=&#8221;14px&#8221; header_5_font_size_phone=&#8221;12px&#8221; header_5_font_size_last_edited=&#8221;on|desktop&#8221; border_width_all=&#8221;4px&#8221; border_color_all=&#8221;#FFFFFF&#8221; border_color_top=&#8221;RGBA(255,255,255,0)&#8221; border_color_right=&#8221;RGBA(255,255,255,0)&#8221; border_color_left=&#8221;RGBA(255,255,255,0)&#8221; global_colors_info=&#8221;{}&#8221;]<\/p>\n<h5><strong>Noutati<\/strong><\/h5>\n<h1><strong>Comunicate Media<\/strong><\/h1>\n<p>[\/et_pb_text][\/et_pb_column][\/et_pb_row][\/et_pb_section][et_pb_section fb_built=&#8221;1&#8243; admin_label=&#8221;Industries&#8221; _builder_version=&#8221;4.17.4&#8243; custom_margin_tablet=&#8221;&#8221; custom_margin_phone=&#8221;&#8221; custom_margin_last_edited=&#8221;on|desktop&#8221; custom_padding=&#8221;||0px|||&#8221; global_colors_info=&#8221;{}&#8221;][et_pb_row column_structure=&#8221;1_2,1_2&#8243; make_equal=&#8221;on&#8221; custom_padding_last_edited=&#8221;on|phone&#8221; _builder_version=&#8221;4.17.4&#8243; max_width=&#8221;1201px&#8221; custom_margin=&#8221;|1110px||133px||&#8221; custom_margin_tablet=&#8221;|1110px||133px||&#8221; custom_margin_phone=&#8221;|38px||38px|false|true&#8221; custom_margin_last_edited=&#8221;on|phone&#8221; custom_padding=&#8221;2%|0.2%|2%|0.2%|true|true&#8221; custom_padding_tablet=&#8221;2%|0.2%|2%|0.2%|true|true&#8221; custom_padding_phone=&#8221;0%|0%|0%|0%|true|true&#8221; border_color_all=&#8221;#0C71C3&#8243; border_width_top=&#8221;8px&#8221; border_color_top=&#8221;RGBA(255,255,255,0)&#8221; border_width_right=&#8221;8px&#8221; border_color_right=&#8221;RGBA(255,255,255,0)&#8221; border_width_left=&#8221;8px&#8221; border_color_left=&#8221;RGBA(255,255,255,0)&#8221; global_colors_info=&#8221;{}&#8221;][et_pb_column type=&#8221;1_2&#8243; _builder_version=&#8221;4.16&#8243; global_colors_info=&#8221;{}&#8221;][et_pb_text _builder_version=&#8221;4.19.4&#8243; text_font_size=&#8221;16px&#8221; text_line_height=&#8221;2em&#8221; header_2_font=&#8221;Heebo|900||on|||||&#8221; header_2_text_color=&#8221;#16252D&#8221; header_2_font_size=&#8221;40px&#8221; header_2_letter_spacing=&#8221;1px&#8221; header_2_line_height=&#8221;1.3em&#8221; max_width=&#8221;800px&#8221; custom_padding=&#8221;||||false|false&#8221; custom_padding_tablet=&#8221;|||0px|false|false&#8221; custom_padding_last_edited=&#8221;off|desktop&#8221; hover_enabled=&#8221;0&#8243; text_font_size_tablet=&#8221;14px&#8221; text_font_size_phone=&#8221;&#8221; text_font_size_last_edited=&#8221;on|phone&#8221; header_2_font_size_tablet=&#8221;30px&#8221; header_2_font_size_phone=&#8221;24px&#8221; header_2_font_size_last_edited=&#8221;on|phone&#8221; locked=&#8221;off&#8221; global_colors_info=&#8221;{}&#8221; sticky_enabled=&#8221;0&#8243;]<\/p>\n<h2>Parteneriatul strategic cu Republica Indonezia<\/h2>\n<div class=\"\" data-block=\"true\" data-editor=\"1l3k1\" data-offset-key=\"arium-0-0\">\n<div data-offset-key=\"arium-0-0\" class=\"_1mf _1mj\" data-auto-logging-id=\"f53a23449cdb18\" style=\"text-align: justify;\"><span data-offset-key=\"arium-0-0\">Parteneriatu strategic isi continua demersurile. Multumim pentru vizita oficiala a delegatiei Republicii Indonezia. Impreuna cu <\/span><span data-offset-key=\"arium-1-0\" class=\"_5zk7\" spellcheck=\"false\"><span data-offset-key=\"arium-1-0\">Ambasador Extraordinar \u0218i Plenipoten\u0163iar<\/span><\/span><span data-offset-key=\"arium-2-0\">: E.S. <\/span><span data-offset-key=\"arium-3-0\" class=\"_5zk7\" spellcheck=\"false\"><span data-offset-key=\"arium-3-0\">MuhammadAmharAzeth &#8211; <\/span><\/span>Embassy Of The Republic Of Indonesia In Bucharest Romania.<\/div>\n<\/div>\n<div class=\"\" data-block=\"true\" data-editor=\"1l3k1\" data-offset-key=\"5qpf4-0-0\"><\/div>\n<p>[\/et_pb_text][\/et_pb_column][et_pb_column type=&#8221;1_2&#8243; _builder_version=&#8221;4.16&#8243; global_colors_info=&#8221;{}&#8221;][et_pb_gallery _builder_version=&#8221;4.19.4&#8243; _module_preset=&#8221;default&#8221; gallery_ids=&#8221;3270,3266,3269,3267,3268&#8243; show_title_and_caption=&#8221;off&#8221; show_pagination=&#8221;off&#8221; hover_enabled=&#8221;0&#8243; sticky_enabled=&#8221;0&#8243;][\/et_pb_gallery][\/et_pb_column][\/et_pb_row][et_pb_row column_structure=&#8221;1_2,1_2&#8243; make_equal=&#8221;on&#8221; custom_padding_last_edited=&#8221;on|phone&#8221; _builder_version=&#8221;4.17.4&#8243; max_width=&#8221;1201px&#8221; custom_margin=&#8221;|1110px||133px||&#8221; custom_margin_tablet=&#8221;|1110px||133px||&#8221; custom_margin_phone=&#8221;|38px||38px|false|true&#8221; custom_margin_last_edited=&#8221;on|phone&#8221; custom_padding=&#8221;2%|0.2%|2%|0.2%|true|true&#8221; custom_padding_tablet=&#8221;2%|0.2%|2%|0.2%|true|true&#8221; custom_padding_phone=&#8221;0%|0%|0%|0%|true|true&#8221; border_color_all=&#8221;#0C71C3&#8243; border_width_top=&#8221;8px&#8221; border_color_top=&#8221;RGBA(255,255,255,0)&#8221; border_width_right=&#8221;8px&#8221; border_color_right=&#8221;RGBA(255,255,255,0)&#8221; border_width_left=&#8221;8px&#8221; border_color_left=&#8221;RGBA(255,255,255,0)&#8221; global_colors_info=&#8221;{}&#8221;][et_pb_column type=&#8221;1_2&#8243; _builder_version=&#8221;4.16&#8243; global_colors_info=&#8221;{}&#8221;][et_pb_text _builder_version=&#8221;4.17.4&#8243; text_font_size=&#8221;16px&#8221; text_line_height=&#8221;2em&#8221; header_2_font=&#8221;Heebo|900||on|||||&#8221; header_2_text_color=&#8221;#16252D&#8221; header_2_font_size=&#8221;40px&#8221; header_2_letter_spacing=&#8221;1px&#8221; header_2_line_height=&#8221;1.3em&#8221; max_width=&#8221;800px&#8221; custom_padding=&#8221;||||false|false&#8221; custom_padding_tablet=&#8221;|||0px|false|false&#8221; custom_padding_last_edited=&#8221;off|desktop&#8221; text_font_size_tablet=&#8221;14px&#8221; text_font_size_phone=&#8221;&#8221; text_font_size_last_edited=&#8221;on|phone&#8221; header_2_font_size_tablet=&#8221;30px&#8221; header_2_font_size_phone=&#8221;24px&#8221; header_2_font_size_last_edited=&#8221;on|phone&#8221; locked=&#8221;off&#8221; global_colors_info=&#8221;{}&#8221;]<\/p>\n<h2>Angajament divers<\/h2>\n<p style=\"text-align: justify;\">Egalitatea de \u0219anse \u0219i respectul unul fa\u021b\u0103 de cel\u0103lalt sunt ad\u00e2nc \u00eenr\u0103d\u0103cinate \u00een cultura noastr\u0103 corporativ\u0103. Pentru noi, asumarea responsabilit\u0103\u021bii sociale este, prin urmare, at\u00e2t o preocupare sincer\u0103, c\u00e2t \u0219i o chestiune desigur<\/p>\n<p>[\/et_pb_text][\/et_pb_column][et_pb_column type=&#8221;1_2&#8243; _builder_version=&#8221;4.16&#8243; global_colors_info=&#8221;{}&#8221;][et_pb_image src=&#8221;https:\/\/techmbg.com\/wp-content\/uploads\/2022\/05\/Equal-MB1.jpg&#8221; title_text=&#8221;Equal MB1&#8243; align_tablet=&#8221;&#8221; align_phone=&#8221;center&#8221; align_last_edited=&#8221;on|phone&#8221; _builder_version=&#8221;4.17.4&#8243; _module_preset=&#8221;default&#8221; width=&#8221;70%&#8221; width_tablet=&#8221;70%&#8221; width_phone=&#8221;100%&#8221; width_last_edited=&#8221;on|phone&#8221; max_width=&#8221;70%&#8221; max_width_tablet=&#8221;70%&#8221; max_width_phone=&#8221;100%&#8221; max_width_last_edited=&#8221;on|phone&#8221; module_alignment=&#8221;center&#8221; height=&#8221;185px&#8221; hover_enabled=&#8221;0&#8243; module_alignment_tablet=&#8221;&#8221; module_alignment_phone=&#8221;&#8221; module_alignment_last_edited=&#8221;on|phone&#8221; global_colors_info=&#8221;{}&#8221; sticky_enabled=&#8221;0&#8243;][\/et_pb_image][\/et_pb_column][\/et_pb_row][et_pb_row column_structure=&#8221;1_2,1_2&#8243; make_equal=&#8221;on&#8221; custom_padding_last_edited=&#8221;on|phone&#8221; _builder_version=&#8221;4.17.4&#8243; max_width=&#8221;1201px&#8221; custom_margin=&#8221;|1110px||133px||&#8221; custom_margin_tablet=&#8221;|1110px||133px||&#8221; custom_margin_phone=&#8221;|38px||38px|false|true&#8221; custom_margin_last_edited=&#8221;on|phone&#8221; custom_padding=&#8221;2%|0.2%|2%|0.2%|true|true&#8221; custom_padding_tablet=&#8221;2%|0.2%|2%|0.2%|true|true&#8221; custom_padding_phone=&#8221;0%|0%|0%|0%|true|true&#8221; border_color_all=&#8221;#0C71C3&#8243; border_width_top=&#8221;8px&#8221; border_color_top=&#8221;RGBA(255,255,255,0)&#8221; border_width_right=&#8221;8px&#8221; border_color_right=&#8221;RGBA(255,255,255,0)&#8221; border_width_left=&#8221;8px&#8221; border_color_left=&#8221;RGBA(255,255,255,0)&#8221; global_colors_info=&#8221;{}&#8221;][et_pb_column type=&#8221;1_2&#8243; _builder_version=&#8221;4.16&#8243; global_colors_info=&#8221;{}&#8221;][et_pb_text _builder_version=&#8221;4.17.4&#8243; text_font_size=&#8221;16px&#8221; text_line_height=&#8221;2em&#8221; header_2_font=&#8221;Heebo|900||on|||||&#8221; header_2_text_color=&#8221;#16252D&#8221; header_2_font_size=&#8221;40px&#8221; header_2_letter_spacing=&#8221;1px&#8221; header_2_line_height=&#8221;1.3em&#8221; max_width=&#8221;800px&#8221; custom_padding=&#8221;||||false|false&#8221; custom_padding_tablet=&#8221;|||0px|false|false&#8221; custom_padding_last_edited=&#8221;off|desktop&#8221; text_font_size_tablet=&#8221;14px&#8221; text_font_size_phone=&#8221;&#8221; text_font_size_last_edited=&#8221;on|phone&#8221; header_2_font_size_tablet=&#8221;30px&#8221; header_2_font_size_phone=&#8221;24px&#8221; header_2_font_size_last_edited=&#8221;on|phone&#8221; locked=&#8221;off&#8221; global_colors_info=&#8221;{}&#8221;]<\/p>\n<h2>Actiune climatica<\/h2>\n<p style=\"text-align: justify;\">Situa\u021bia curent\u0103. Cantitatea de CO2 sa dublat \u00een 150 de ani;<br \/>Nivelul m\u0103rilor \u0219i oceanelor este \u00een cre\u0219tere;<br \/>\u021a\u0103rile sub nivelul m\u0103rii sunt \u00een pericol de inunda\u021bii<\/p>\n<p>[\/et_pb_text][\/et_pb_column][et_pb_column type=&#8221;1_2&#8243; _builder_version=&#8221;4.16&#8243; global_colors_info=&#8221;{}&#8221;][et_pb_image src=&#8221;https:\/\/techmbg.com\/wp-content\/uploads\/2022\/05\/Respo-MB2.jpg&#8221; title_text=&#8221;Respo MB2&#8243; align_tablet=&#8221;&#8221; align_phone=&#8221;center&#8221; align_last_edited=&#8221;on|phone&#8221; _builder_version=&#8221;4.17.4&#8243; _module_preset=&#8221;default&#8221; width=&#8221;70%&#8221; width_tablet=&#8221;70%&#8221; width_phone=&#8221;100%&#8221; width_last_edited=&#8221;on|phone&#8221; max_width=&#8221;70%&#8221; max_width_tablet=&#8221;70%&#8221; max_width_phone=&#8221;100%&#8221; max_width_last_edited=&#8221;on|phone&#8221; module_alignment=&#8221;center&#8221; height=&#8221;215px&#8221; global_colors_info=&#8221;{}&#8221;][\/et_pb_image][\/et_pb_column][\/et_pb_row][et_pb_row column_structure=&#8221;1_2,1_2&#8243; make_equal=&#8221;on&#8221; custom_padding_last_edited=&#8221;on|phone&#8221; _builder_version=&#8221;4.17.4&#8243; max_width=&#8221;1201px&#8221; custom_margin=&#8221;|1110px||133px||&#8221; custom_margin_tablet=&#8221;|1110px||133px||&#8221; custom_margin_phone=&#8221;|38px||38px|false|true&#8221; custom_margin_last_edited=&#8221;on|phone&#8221; custom_padding=&#8221;2%|0.2%|2%|0.2%|true|true&#8221; custom_padding_tablet=&#8221;2%|0.2%|2%|0.2%|true|true&#8221; custom_padding_phone=&#8221;0%|0%|0%|0%|true|true&#8221; border_color_all=&#8221;#0C71C3&#8243; border_width_top=&#8221;8px&#8221; border_color_top=&#8221;RGBA(255,255,255,0)&#8221; border_width_right=&#8221;8px&#8221; border_color_right=&#8221;RGBA(255,255,255,0)&#8221; border_width_left=&#8221;8px&#8221; border_color_left=&#8221;RGBA(255,255,255,0)&#8221; global_colors_info=&#8221;{}&#8221;][et_pb_column type=&#8221;1_2&#8243; _builder_version=&#8221;4.16&#8243; global_colors_info=&#8221;{}&#8221;][et_pb_text _builder_version=&#8221;4.17.4&#8243; text_font_size=&#8221;16px&#8221; text_line_height=&#8221;2em&#8221; header_2_font=&#8221;Heebo|900||on|||||&#8221; header_2_text_color=&#8221;#16252D&#8221; header_2_font_size=&#8221;40px&#8221; header_2_letter_spacing=&#8221;1px&#8221; header_2_line_height=&#8221;1.3em&#8221; max_width=&#8221;800px&#8221; custom_padding=&#8221;||||false|false&#8221; custom_padding_tablet=&#8221;|||0px|false|false&#8221; custom_padding_last_edited=&#8221;off|desktop&#8221; text_font_size_tablet=&#8221;14px&#8221; text_font_size_phone=&#8221;&#8221; text_font_size_last_edited=&#8221;on|phone&#8221; header_2_font_size_tablet=&#8221;30px&#8221; header_2_font_size_phone=&#8221;24px&#8221; header_2_font_size_last_edited=&#8221;on|phone&#8221; locked=&#8221;off&#8221; global_colors_info=&#8221;{}&#8221;]<\/p>\n<h2>Echipa de caritate MBG cu voluntarii no\u0219tri<\/h2>\n<p style=\"text-align: justify;\">Lorem ipsum dolor sit amet, consectetur adipiscing elit. Vestibulum ac diam sit amet quam vehicula elementum sed sit amet dui. Lorem ipsum dolor sit amet, consectetur adipiscing elit.<\/p>\n<p>[\/et_pb_text][\/et_pb_column][et_pb_column type=&#8221;1_2&#8243; _builder_version=&#8221;4.16&#8243; global_colors_info=&#8221;{}&#8221;][et_pb_image src=&#8221;https:\/\/techmbg.com\/wp-content\/uploads\/2022\/01\/Volunteer-MB1.jpg&#8221; title_text=&#8221;Volunteer MB1&#8243; src_tablet=&#8221;https:\/\/techmbg.com\/wp-content\/uploads\/2022\/01\/Volunteer-MB1.jpg&#8221; src_phone=&#8221;https:\/\/techmbg.com\/wp-content\/uploads\/2022\/01\/Volunteer-MB1.jpg&#8221; src_last_edited=&#8221;on|phone&#8221; show_bottom_space_tablet=&#8221;&#8221; show_bottom_space_phone=&#8221;on&#8221; show_bottom_space_last_edited=&#8221;on|phone&#8221; align_tablet=&#8221;&#8221; align_phone=&#8221;center&#8221; align_last_edited=&#8221;on|phone&#8221; _builder_version=&#8221;4.17.4&#8243; _module_preset=&#8221;default&#8221; width=&#8221;70%&#8221; width_tablet=&#8221;70%&#8221; width_phone=&#8221;100%&#8221; width_last_edited=&#8221;on|phone&#8221; max_width=&#8221;70%&#8221; max_width_tablet=&#8221;70%&#8221; max_width_phone=&#8221;100%&#8221; max_width_last_edited=&#8221;on|phone&#8221; module_alignment=&#8221;center&#8221; height=&#8221;242px&#8221; custom_margin=&#8221;0px|||0px|false|false&#8221; custom_padding=&#8221;0px||||false|false&#8221; custom_padding_tablet=&#8221;0px||||false|false&#8221; custom_padding_phone=&#8221;0px||||false|false&#8221; custom_padding_last_edited=&#8221;on|phone&#8221; global_colors_info=&#8221;{}&#8221;][\/et_pb_image][\/et_pb_column][\/et_pb_row][\/et_pb_section][et_pb_section fb_built=&#8221;1&#8243; specialty=&#8221;on&#8221; custom_padding_last_edited=&#8221;off|phone&#8221; padding_bottom_2=&#8221;40px&#8221; padding_top_bottom_link_2=&#8221;false&#8221; padding_left_right_link_2=&#8221;false&#8221; admin_label=&#8221;Footer&#8221; _builder_version=&#8221;4.16&#8243; _module_preset=&#8221;default&#8221; use_background_color_gradient=&#8221;on&#8221; background_color_gradient_stops=&#8221;rgba(12,113,195,0.46) 4%|#00003a 77%&#8221; background_color_gradient_overlays_image=&#8221;on&#8221; background_color_gradient_start=&#8221;rgba(12,113,195,0.46)&#8221; background_color_gradient_start_position=&#8221;4%&#8221; background_color_gradient_end=&#8221;#00003a&#8221; background_color_gradient_end_position=&#8221;77%&#8221; background_image=&#8221;https:\/\/techmbg.com\/wp-content\/uploads\/2022\/01\/services-MBs.jpg&#8221; custom_padding=&#8221;10%||0px||false|false&#8221; custom_padding_tablet=&#8221;||||false|false&#8221; custom_padding_phone=&#8221;||||false|false&#8221; animation_direction=&#8221;bottom&#8221; saved_tabs=&#8221;all&#8221; global_colors_info=&#8221;{%22gcid-46874eab-1479-4e97-a380-8c3d8f036d9c%22:%91%22colorEnd%22%93}&#8221;][et_pb_column type=&#8221;2_3&#8243; specialty_columns=&#8221;2&#8243; _builder_version=&#8221;4.16&#8243; custom_padding=&#8221;|||&#8221; global_colors_info=&#8221;{}&#8221; custom_padding__hover=&#8221;|||&#8221;][et_pb_row_inner custom_padding_last_edited=&#8221;on|phone&#8221; _builder_version=&#8221;4.17.0&#8243; _module_preset=&#8221;default&#8221; background_color=&#8221;#01012c&#8221; custom_padding=&#8221;52px|8%||8%|false|true&#8221; custom_padding_tablet=&#8221;60px|60px||60px|false|true&#8221; custom_padding_phone=&#8221;30px|20px||20px|false|true&#8221; global_colors_info=&#8221;{%22gcid-c9411f34-b37e-4feb-a841-9533663e2403%22:%91%22background_color%22%93}&#8221;][et_pb_column_inner saved_specialty_column_type=&#8221;2_3&#8243; _builder_version=&#8221;4.16&#8243; _module_preset=&#8221;default&#8221; global_colors_info=&#8221;{}&#8221;][et_pb_text _builder_version=&#8221;4.17.4&#8243; text_font=&#8221;||||||||&#8221; text_font_size=&#8221;16px&#8221; text_line_height=&#8221;2em&#8221; header_font=&#8221;||||||||&#8221; header_2_font=&#8221;Raleway|700|||||||&#8221; header_2_font_size=&#8221;50px&#8221; header_2_line_height=&#8221;1.2em&#8221; header_6_font=&#8221;Raleway|700||on|||||&#8221; header_6_font_size=&#8221;16px&#8221; header_6_letter_spacing=&#8221;5px&#8221; header_6_line_height=&#8221;1.8em&#8221; background_layout=&#8221;dark&#8221; max_width_tablet=&#8221;&#8221; max_width_phone=&#8221;&#8221; max_width_last_edited=&#8221;on|desktop&#8221; custom_margin=&#8221;||-30px||false|false&#8221; custom_padding=&#8221;||0px|||&#8221; header_2_font_size_tablet=&#8221;35px&#8221; header_2_font_size_phone=&#8221;25px&#8221; header_2_font_size_last_edited=&#8221;on|phone&#8221; locked=&#8221;off&#8221; global_colors_info=&#8221;{}&#8221;]<\/p>\n<h6>Noutati<\/h6>\n<h2>Comunicate Media<\/h2>\n<p>&nbsp;<\/p>\n<p>[\/et_pb_text][\/et_pb_column_inner][\/et_pb_row_inner][\/et_pb_column][et_pb_column type=&#8221;1_3&#8243; _builder_version=&#8221;4.16&#8243; custom_padding=&#8221;|||&#8221; global_colors_info=&#8221;{}&#8221; custom_padding__hover=&#8221;|||&#8221;][et_pb_button button_url=&#8221;@ET-DC@eyJkeW5hbWljIjp0cnVlLCJjb250ZW50IjoicG9zdF9saW5rX3VybF9wYWdlIiwic2V0dGluZ3MiOnsicG9zdF9pZCI6IjYwOSJ9fQ==@&#8221; button_text=&#8221;Contact&#8221; button_alignment=&#8221;right&#8221; button_alignment_tablet=&#8221;left&#8221; button_alignment_phone=&#8221;center&#8221; button_alignment_last_edited=&#8221;on|phone&#8221; _builder_version=&#8221;4.17.4&#8243; _dynamic_attributes=&#8221;button_url&#8221; custom_button=&#8221;on&#8221; button_text_color=&#8221;#000000&#8243; button_bg_color=&#8221;#ffffff&#8221; button_border_width=&#8221;10px&#8221; button_border_color=&#8221;rgba(0,0,0,0)&#8221; button_border_radius=&#8221;0px&#8221; button_font=&#8221;Raleway|700|||||||&#8221; custom_margin=&#8221;37px||37px||true|false&#8221; button_border_radius_hover=&#8221;0px&#8221; locked=&#8221;off&#8221; global_colors_info=&#8221;{}&#8221; button_text_size__hover_enabled=&#8221;off&#8221; button_one_text_size__hover_enabled=&#8221;off&#8221; button_two_text_size__hover_enabled=&#8221;off&#8221; button_text_color__hover_enabled=&#8221;off&#8221; button_one_text_color__hover_enabled=&#8221;off&#8221; button_two_text_color__hover_enabled=&#8221;off&#8221; button_border_width__hover_enabled=&#8221;off&#8221; button_one_border_width__hover_enabled=&#8221;off&#8221; button_two_border_width__hover_enabled=&#8221;off&#8221; button_border_color__hover_enabled=&#8221;off&#8221; button_one_border_color__hover_enabled=&#8221;off&#8221; button_two_border_color__hover_enabled=&#8221;off&#8221; button_border_radius__hover_enabled=&#8221;on&#8221; button_border_radius__hover=&#8221;0px&#8221; button_one_border_radius__hover_enabled=&#8221;off&#8221; button_two_border_radius__hover_enabled=&#8221;off&#8221; button_letter_spacing__hover_enabled=&#8221;off&#8221; button_one_letter_spacing__hover_enabled=&#8221;off&#8221; button_two_letter_spacing__hover_enabled=&#8221;off&#8221; button_bg_color__hover_enabled=&#8221;off&#8221; button_one_bg_color__hover_enabled=&#8221;off&#8221; button_two_bg_color__hover_enabled=&#8221;off&#8221;][\/et_pb_button][\/et_pb_column][\/et_pb_section]<\/p>\n","protected":false},"excerpt":{"rendered":"<p>Noutati Comunicate MediaParteneriatul strategic cu Republica Indonezia Parteneriatu strategic isi continua demersurile. Multumim pentru vizita oficiala a delegatiei Republicii Indonezia. Impreuna cu Ambasador Extraordinar \u0218i Plenipoten\u0163iar: E.S. MuhammadAmharAzeth &#8211; Embassy Of The Republic Of Indonesia In Bucharest Romania. Angajament divers Egalitatea de \u0219anse \u0219i respectul unul fa\u021b\u0103 de cel\u0103lalt sunt ad\u00e2nc \u00eenr\u0103d\u0103cinate \u00een cultura noastr\u0103 [&hellip;]<\/p>\n","protected":false},"author":1,"featured_media":0,"parent":0,"menu_order":0,"comment_status":"closed","ping_status":"closed","template":"","meta":{"_et_pb_use_builder":"on","_et_pb_old_content":"","_et_gb_content_width":"","footnotes":""},"class_list":["post-1104","page","type-page","status-publish","hentry"],"_links":{"self":[{"href":"https:\/\/techmbg.com\/en\/wp-json\/wp\/v2\/pages\/1104","targetHints":{"allow":["GET"]}}],"collection":[{"href":"https:\/\/techmbg.com\/en\/wp-json\/wp\/v2\/pages"}],"about":[{"href":"https:\/\/techmbg.com\/en\/wp-json\/wp\/v2\/types\/page"}],"author":[{"embeddable":true,"href":"https:\/\/techmbg.com\/en\/wp-json\/wp\/v2\/users\/1"}],"replies":[{"embeddable":true,"href":"https:\/\/techmbg.com\/en\/wp-json\/wp\/v2\/comments?post=1104"}],"version-history":[{"count":54,"href":"https:\/\/techmbg.com\/en\/wp-json\/wp\/v2\/pages\/1104\/revisions"}],"predecessor-version":[{"id":3274,"href":"https:\/\/techmbg.com\/en\/wp-json\/wp\/v2\/pages\/1104\/revisions\/3274"}],"wp:attachment":[{"href":"https:\/\/techmbg.com\/en\/wp-json\/wp\/v2\/media?parent=1104"}],"curies":[{"name":"wp","href":"https:\/\/api.w.org\/{rel}","templated":true}]}}