{"id":1081,"date":"2022-01-31T17:14:46","date_gmt":"2022-01-31T14:14:46","guid":{"rendered":"https:\/\/techmbg.com\/?page_id=1081"},"modified":"2022-06-04T14:16:49","modified_gmt":"2022-06-04T11:16:49","slug":"responsabilitati","status":"publish","type":"page","link":"https:\/\/techmbg.com\/en\/responsabilitati","title":{"rendered":"RESPONSIBILITIES"},"content":{"rendered":"<p>[et_pb_section fb_built=&#8221;1&#8243; admin_label=&#8221;Header&#8221; _builder_version=&#8221;4.16&#8243; use_background_color_gradient=&#8221;on&#8221; background_color_gradient_type=&#8221;circular&#8221; background_color_gradient_direction_radial=&#8221;top left&#8221; background_color_gradient_stops=&#8221;rgba(255,255,255,0.89) 5%|rgba(0,65,109,0.22) 45%&#8221; background_color_gradient_start=&#8221;rgba(255,255,255,0.89)&#8221; background_color_gradient_start_position=&#8221;5%&#8221; background_color_gradient_end=&#8221;rgba(0,65,109,0.22)&#8221; background_color_gradient_end_position=&#8221;45%&#8221; background_image=&#8221;https:\/\/techmbg.com\/wp-content\/uploads\/2022\/01\/Respo-MB22.jpg&#8221; parallax=&#8221;on&#8221; parallax_method=&#8221;off&#8221; background_enable_video_mp4=&#8221;off&#8221; background_video_width=&#8221;1200&#8243; background_video_height=&#8221;100&#8243; allow_player_pause=&#8221;on&#8221; background_video_pause_outside_viewport=&#8221;off&#8221; custom_padding=&#8221;7vw|0px|0|0px|false|false&#8221; global_colors_info=&#8221;{}&#8221;][et_pb_row use_custom_gutter=&#8221;on&#8221; _builder_version=&#8221;4.16&#8243; global_colors_info=&#8221;{}&#8221;][et_pb_column type=&#8221;4_4&#8243; _builder_version=&#8221;4.16&#8243; custom_padding=&#8221;|||&#8221; global_colors_info=&#8221;{}&#8221; custom_padding__hover=&#8221;|||&#8221;][et_pb_text _builder_version=&#8221;4.16&#8243; text_font=&#8221;||||||||&#8221; header_font=&#8221;Raleway|700|||||||&#8221; header_text_color=&#8221;#FFFFFF&#8221; header_font_size=&#8221;80px&#8221; header_line_height=&#8221;1.2em&#8221; header_5_font=&#8221;Raleway|700||on|||||&#8221; header_5_text_align=&#8221;left&#8221; header_5_text_color=&#8221;#FFFFFF&#8221; header_5_font_size=&#8221;20px&#8221; header_5_letter_spacing=&#8221;0.5em&#8221; header_5_line_height=&#8221;1.8em&#8221; animation_style=&#8221;zoom&#8221; animation_intensity_zoom=&#8221;5%&#8221; header_font_size_tablet=&#8221;48px&#8221; header_font_size_phone=&#8221;32px&#8221; header_font_size_last_edited=&#8221;on|phone&#8221; header_5_font_size_tablet=&#8221;14px&#8221; header_5_font_size_phone=&#8221;12px&#8221; header_5_font_size_last_edited=&#8221;on|desktop&#8221; header_text_shadow_style=&#8221;preset1&#8243; header_5_text_shadow_style=&#8221;preset1&#8243; border_width_all=&#8221;4px&#8221; border_color_all=&#8221;#FFFFFF&#8221; border_color_top=&#8221;RGBA(255,255,255,0)&#8221; border_color_right=&#8221;RGBA(255,255,255,0)&#8221; border_color_left=&#8221;RGBA(255,255,255,0)&#8221; global_colors_info=&#8221;{}&#8221;]<\/p>\n<h5>despre<\/h5>\n<h1>Responsabilitati<\/h1>\n<p>[\/et_pb_text][\/et_pb_column][\/et_pb_row][\/et_pb_section][et_pb_section fb_built=&#8221;1&#8243; admin_label=&#8221;Industries&#8221; _builder_version=&#8221;4.16&#8243; custom_padding=&#8221;||0px|||&#8221; global_colors_info=&#8221;{}&#8221;][et_pb_row column_structure=&#8221;1_2,1_2&#8243; make_equal=&#8221;on&#8221; custom_padding_last_edited=&#8221;on|phone&#8221; _builder_version=&#8221;4.17.4&#8243; max_width=&#8221;1201px&#8221; custom_margin=&#8221;|1110px||133px||&#8221; custom_margin_tablet=&#8221;|1110px||133px||&#8221; custom_margin_phone=&#8221;|38px||38px|true|true&#8221; custom_margin_last_edited=&#8221;on|phone&#8221; custom_padding=&#8221;0%|0%|0%|0%|true|true&#8221; custom_padding_tablet=&#8221;0%|0%|0%|0%|true|true&#8221; custom_padding_phone=&#8221;0%|0%|0%|0%|true|true&#8221; border_color_all=&#8221;#0C71C3&#8243; border_width_top=&#8221;8px&#8221; border_color_top=&#8221;RGBA(255,255,255,0)&#8221; border_width_right=&#8221;8px&#8221; border_color_right=&#8221;RGBA(255,255,255,0)&#8221; border_width_left=&#8221;8px&#8221; border_color_left=&#8221;RGBA(255,255,255,0)&#8221; global_colors_info=&#8221;{}&#8221;][et_pb_column type=&#8221;1_2&#8243; _builder_version=&#8221;4.16&#8243; global_colors_info=&#8221;{}&#8221;][et_pb_text _builder_version=&#8221;4.17.4&#8243; text_font_size=&#8221;16px&#8221; text_line_height=&#8221;2em&#8221; header_2_font=&#8221;Heebo|900||on|||||&#8221; header_2_text_color=&#8221;#16252D&#8221; header_2_font_size=&#8221;40px&#8221; header_2_letter_spacing=&#8221;1px&#8221; header_2_line_height=&#8221;1.3em&#8221; max_width=&#8221;800px&#8221; custom_padding=&#8221;||||false|false&#8221; custom_padding_tablet=&#8221;|||0px|false|false&#8221; custom_padding_last_edited=&#8221;off|desktop&#8221; text_font_size_tablet=&#8221;14px&#8221; text_font_size_phone=&#8221;&#8221; text_font_size_last_edited=&#8221;on|phone&#8221; header_2_font_size_tablet=&#8221;30px&#8221; header_2_font_size_phone=&#8221;24px&#8221; header_2_font_size_last_edited=&#8221;on|phone&#8221; locked=&#8221;off&#8221; global_colors_info=&#8221;{}&#8221;]<\/p>\n<h2>Angajament divers<\/h2>\n<p style=\"text-align: justify;\">Egalitatea de \u0219anse \u0219i respectul unul fa\u021b\u0103 de cel\u0103lalt sunt ad\u00e2nc \u00eenr\u0103d\u0103cinate \u00een cultura noastr\u0103 corporativ\u0103. Pentru noi, asumarea responsabilit\u0103\u021bii sociale este, prin urmare, at\u00e2t o preocupare sincer\u0103, c\u00e2t \u0219i o chestiune desigur<\/p>\n<p>[\/et_pb_text][\/et_pb_column][et_pb_column type=&#8221;1_2&#8243; _builder_version=&#8221;4.16&#8243; global_colors_info=&#8221;{}&#8221;][et_pb_image src=&#8221;https:\/\/techmbg.com\/wp-content\/uploads\/2022\/01\/People-MB.jpg&#8221; title_text=&#8221;People MB&#8221; _builder_version=&#8221;4.16&#8243; _module_preset=&#8221;default&#8221; background_enable_image=&#8221;off&#8221; global_colors_info=&#8221;{}&#8221;][\/et_pb_image][\/et_pb_column][\/et_pb_row][et_pb_row column_structure=&#8221;1_2,1_2&#8243; make_equal=&#8221;on&#8221; custom_padding_last_edited=&#8221;on|phone&#8221; _builder_version=&#8221;4.17.4&#8243; max_width=&#8221;1201px&#8221; custom_margin=&#8221;|1110px||133px||&#8221; custom_margin_tablet=&#8221;|1110px||133px||&#8221; custom_margin_phone=&#8221;|38px||38px|false|true&#8221; custom_margin_last_edited=&#8221;on|phone&#8221; custom_padding=&#8221;2%|0.2%|2%|0.2%|true|true&#8221; custom_padding_tablet=&#8221;2%|0.2%|2%|0.2%|true|true&#8221; custom_padding_phone=&#8221;0%|0%|0%|0%|true|true&#8221; border_color_all=&#8221;#0C71C3&#8243; border_width_top=&#8221;8px&#8221; border_color_top=&#8221;RGBA(255,255,255,0)&#8221; border_width_right=&#8221;8px&#8221; border_color_right=&#8221;RGBA(255,255,255,0)&#8221; border_width_left=&#8221;8px&#8221; border_color_left=&#8221;RGBA(255,255,255,0)&#8221; global_colors_info=&#8221;{}&#8221;][et_pb_column type=&#8221;1_2&#8243; _builder_version=&#8221;4.16&#8243; global_colors_info=&#8221;{}&#8221;][et_pb_text _builder_version=&#8221;4.17.4&#8243; text_font_size=&#8221;16px&#8221; text_line_height=&#8221;2em&#8221; header_2_font=&#8221;Heebo|900||on|||||&#8221; header_2_text_color=&#8221;#16252D&#8221; header_2_font_size=&#8221;40px&#8221; header_2_letter_spacing=&#8221;1px&#8221; header_2_line_height=&#8221;1.3em&#8221; max_width=&#8221;800px&#8221; custom_padding=&#8221;||||false|false&#8221; custom_padding_tablet=&#8221;|||0px|false|false&#8221; custom_padding_last_edited=&#8221;off|desktop&#8221; text_font_size_tablet=&#8221;14px&#8221; text_font_size_phone=&#8221;&#8221; text_font_size_last_edited=&#8221;on|phone&#8221; header_2_font_size_tablet=&#8221;30px&#8221; header_2_font_size_phone=&#8221;24px&#8221; header_2_font_size_last_edited=&#8221;on|phone&#8221; locked=&#8221;off&#8221; global_colors_info=&#8221;{}&#8221;]<\/p>\n<h2>Actiune climatica<\/h2>\n<p style=\"text-align: justify;\">Situa\u021bia curent\u0103. Cantitatea de CO2 sa dublat \u00een 150 de ani;<br \/>Nivelul m\u0103rilor \u0219i oceanelor este \u00een cre\u0219tere;<br \/>\u021a\u0103rile sub nivelul m\u0103rii sunt \u00een pericol de inunda\u021bii<\/p>\n<p>[\/et_pb_text][\/et_pb_column][et_pb_column type=&#8221;1_2&#8243; _builder_version=&#8221;4.16&#8243; global_colors_info=&#8221;{}&#8221;][et_pb_image src=&#8221;https:\/\/techmbg.com\/wp-content\/uploads\/2022\/01\/Resp-MB11.jpg&#8221; title_text=&#8221;Resp MB11&#8243; _builder_version=&#8221;4.16&#8243; _module_preset=&#8221;default&#8221; global_colors_info=&#8221;{}&#8221;][\/et_pb_image][\/et_pb_column][\/et_pb_row][et_pb_row column_structure=&#8221;1_2,1_2&#8243; make_equal=&#8221;on&#8221; custom_padding_last_edited=&#8221;on|phone&#8221; _builder_version=&#8221;4.17.4&#8243; max_width=&#8221;1201px&#8221; custom_margin=&#8221;|1110px||133px||&#8221; custom_margin_tablet=&#8221;|1110px||133px||&#8221; custom_margin_phone=&#8221;|38px|15px|38px|false|true&#8221; custom_margin_last_edited=&#8221;on|phone&#8221; custom_padding=&#8221;2%|0.2%|2%|0.2%|true|true&#8221; custom_padding_tablet=&#8221;2%|0.2%|2%|0.2%|true|true&#8221; custom_padding_phone=&#8221;0%|0%|0%|0%|true|true&#8221; border_color_all=&#8221;#0C71C3&#8243; border_width_top=&#8221;8px&#8221; border_color_top=&#8221;RGBA(255,255,255,0)&#8221; border_width_right=&#8221;8px&#8221; border_color_right=&#8221;RGBA(255,255,255,0)&#8221; border_width_left=&#8221;8px&#8221; border_color_left=&#8221;RGBA(255,255,255,0)&#8221; global_colors_info=&#8221;{}&#8221;][et_pb_column type=&#8221;1_2&#8243; _builder_version=&#8221;4.16&#8243; global_colors_info=&#8221;{}&#8221;][et_pb_text _builder_version=&#8221;4.17.4&#8243; text_font_size=&#8221;16px&#8221; text_line_height=&#8221;2em&#8221; header_2_font=&#8221;Heebo|900||on|||||&#8221; header_2_text_color=&#8221;#16252D&#8221; header_2_font_size=&#8221;40px&#8221; header_2_letter_spacing=&#8221;1px&#8221; header_2_line_height=&#8221;1.3em&#8221; max_width=&#8221;800px&#8221; custom_padding=&#8221;||||false|false&#8221; custom_padding_tablet=&#8221;|||0px|false|false&#8221; custom_padding_last_edited=&#8221;off|desktop&#8221; text_font_size_tablet=&#8221;14px&#8221; text_font_size_phone=&#8221;&#8221; text_font_size_last_edited=&#8221;on|phone&#8221; header_2_font_size_tablet=&#8221;30px&#8221; header_2_font_size_phone=&#8221;24px&#8221; header_2_font_size_last_edited=&#8221;on|phone&#8221; locked=&#8221;off&#8221; global_colors_info=&#8221;{}&#8221;]<\/p>\n<h2>Echipa de caritate MBG cu voluntarii no\u0219tri<\/h2>\n<p style=\"text-align: justify;\">Lorem ipsum dolor sit amet, consectetur adipiscing elit. Vestibulum ac diam sit amet quam vehicula elementum sed sit amet dui. Lorem ipsum dolor sit amet, consectetur adipiscing elit.<\/p>\n<p>[\/et_pb_text][\/et_pb_column][et_pb_column type=&#8221;1_2&#8243; _builder_version=&#8221;4.16&#8243; global_colors_info=&#8221;{}&#8221;][et_pb_image src=&#8221;https:\/\/techmbg.com\/wp-content\/uploads\/2022\/01\/Volunteer-MB1.jpg&#8221; title_text=&#8221;Volunteer MB1&#8243; _builder_version=&#8221;4.16&#8243; _module_preset=&#8221;default&#8221; global_colors_info=&#8221;{}&#8221;][\/et_pb_image][\/et_pb_column][\/et_pb_row][\/et_pb_section]<\/p>\n","protected":false},"excerpt":{"rendered":"<p>despre ResponsabilitatiAngajament divers Egalitatea de \u0219anse \u0219i respectul unul fa\u021b\u0103 de cel\u0103lalt sunt ad\u00e2nc \u00eenr\u0103d\u0103cinate \u00een cultura noastr\u0103 corporativ\u0103. Pentru noi, asumarea responsabilit\u0103\u021bii sociale este, prin urmare, at\u00e2t o preocupare sincer\u0103, c\u00e2t \u0219i o chestiune desigurActiune climatica Situa\u021bia curent\u0103. Cantitatea de CO2 sa dublat \u00een 150 de ani;Nivelul m\u0103rilor \u0219i oceanelor este \u00een cre\u0219tere;\u021a\u0103rile sub [&hellip;]<\/p>\n","protected":false},"author":1,"featured_media":0,"parent":0,"menu_order":0,"comment_status":"closed","ping_status":"closed","template":"","meta":{"_et_pb_use_builder":"on","_et_pb_old_content":"","_et_gb_content_width":"","footnotes":""},"class_list":["post-1081","page","type-page","status-publish","hentry"],"_links":{"self":[{"href":"https:\/\/techmbg.com\/en\/wp-json\/wp\/v2\/pages\/1081","targetHints":{"allow":["GET"]}}],"collection":[{"href":"https:\/\/techmbg.com\/en\/wp-json\/wp\/v2\/pages"}],"about":[{"href":"https:\/\/techmbg.com\/en\/wp-json\/wp\/v2\/types\/page"}],"author":[{"embeddable":true,"href":"https:\/\/techmbg.com\/en\/wp-json\/wp\/v2\/users\/1"}],"replies":[{"embeddable":true,"href":"https:\/\/techmbg.com\/en\/wp-json\/wp\/v2\/comments?post=1081"}],"version-history":[{"count":39,"href":"https:\/\/techmbg.com\/en\/wp-json\/wp\/v2\/pages\/1081\/revisions"}],"predecessor-version":[{"id":3029,"href":"https:\/\/techmbg.com\/en\/wp-json\/wp\/v2\/pages\/1081\/revisions\/3029"}],"wp:attachment":[{"href":"https:\/\/techmbg.com\/en\/wp-json\/wp\/v2\/media?parent=1081"}],"curies":[{"name":"wp","href":"https:\/\/api.w.org\/{rel}","templated":true}]}}